{"id":90,"date":"2024-12-04T14:12:31","date_gmt":"2024-12-04T14:12:31","guid":{"rendered":"https:\/\/www.respirandoazulclarito.com\/?page_id=90"},"modified":"2024-12-13T14:23:49","modified_gmt":"2024-12-13T14:23:49","slug":"mis-libros","status":"publish","type":"page","link":"https:\/\/www.respirandoazulclarito.com\/index.php\/mis-libros\/","title":{"rendered":"Mis Libros"},"content":{"rendered":"<div class=\"wp-block-image\">\n<figure class=\"aligncenter size-large\"><img loading=\"lazy\" decoding=\"async\" width=\"1024\" height=\"474\" src=\"https:\/\/www.respirandoazulclarito.com\/wp-content\/uploads\/2024\/12\/Portadas-libros-redimensionado-1024x474.png\" alt=\"\" class=\"wp-image-113\" srcset=\"https:\/\/www.respirandoazulclarito.com\/wp-content\/uploads\/2024\/12\/Portadas-libros-redimensionado-1024x474.png 1024w, https:\/\/www.respirandoazulclarito.com\/wp-content\/uploads\/2024\/12\/Portadas-libros-redimensionado-300x139.png 300w, https:\/\/www.respirandoazulclarito.com\/wp-content\/uploads\/2024\/12\/Portadas-libros-redimensionado-768x356.png 768w, https:\/\/www.respirandoazulclarito.com\/wp-content\/uploads\/2024\/12\/Portadas-libros-redimensionado.png 1080w\" sizes=\"auto, (max-width: 1024px) 100vw, 1024px\" \/><\/figure>\n<\/div>\n\n\n<p>Descubr\u00ed el apasionante mundo de la escritura a los cuarenta a\u00f1os. Hoy por hoy, a mis cuarenta y ocho, soy autora de cuatro libros.<\/p>\n\n\n\n<p class=\"has-text-align-left\">Inspirada por la naturaleza y la importancia de la respiraci\u00f3n consciente en nuestro bienestar, publiqu\u00e9 mi primer libro, \u201c<strong>Tan solo respira<\/strong>\u201d, seguido de \u201c<strong>Abrazando al miedo<\/strong>\u201d, este \u00faltimo relacionado con la gesti\u00f3n emocional haciendo hincapi\u00e9 en el Universo emocional del miedo. Con \u201c<strong>M\u00e1s all\u00e1 de H\u00e1dar<\/strong>\u201d me he atrevido a sumergirse en un mundo fant\u00e1stico donde el universo no deja de sorprendernos. Por \u00faltimo, en \u201c<strong>Biograf\u00eda de la Plenitud<\/strong>\u201d, abro las puertas de mi coraz\u00f3n y, desde mi propia experiencia, comparto algunas de las cosas que me han funcionado para alcanzar una vida plena y satisfactoria.<br><br>Espero que los disfrutes tanto como yo lo he hecho escribi\u00e9ndolos.<\/p>\n\n\n<div class=\"wp-block-image\">\n<figure class=\"aligncenter size-large is-resized\"><img loading=\"lazy\" decoding=\"async\" width=\"724\" height=\"1024\" src=\"https:\/\/www.respirandoazulclarito.com\/wp-content\/uploads\/2024\/12\/Tan-solo-respira-724x1024.png\" alt=\"\" class=\"wp-image-91\" style=\"width:318px;height:auto\" srcset=\"https:\/\/www.respirandoazulclarito.com\/wp-content\/uploads\/2024\/12\/Tan-solo-respira-724x1024.png 724w, https:\/\/www.respirandoazulclarito.com\/wp-content\/uploads\/2024\/12\/Tan-solo-respira-212x300.png 212w, https:\/\/www.respirandoazulclarito.com\/wp-content\/uploads\/2024\/12\/Tan-solo-respira-768x1086.png 768w, https:\/\/www.respirandoazulclarito.com\/wp-content\/uploads\/2024\/12\/Tan-solo-respira.png 794w\" sizes=\"auto, (max-width: 724px) 100vw, 724px\" \/><\/figure>\n<\/div>\n\n\n<p><em>\u00abLa naturaleza es tan sab\u00eda que nos ha otorgado un regalo de gran valor. A trav\u00e9s de la respiraci\u00f3n podemos gestionar las emociones, cambiar estados de \u00e1nimo, mejorar nuestras relaciones personales, conseguir lo que nos propongamos y, en definitiva, alcanzar un mayor estado de salud y bienestar. El principal objetivo de este libro es que entr\u00e9s en contacto con el maravilloso potencial que hay en ti y conozcas m\u00e1s a fondo el poder de tu respiraci\u00f3n. Todo ello a trav\u00e9s de sencillos conceptos y t\u00e9cnicas espec\u00edficas. Adem\u00e1s, encontrar\u00e1s una gu\u00eda pr\u00e1ctica que te permitir\u00e1 incluir la respiraci\u00f3n consciente en tu rutina diaria, para que puedas disfrutar<\/em> de todos sus beneficios. Hoy es tu d\u00eda perfecto. Abre tu regalo. \u00ab<\/p>\n\n\n\n<p class=\"has-text-align-center\"><a href=\"https:\/\/amzn.eu\/d\/3TRdXLG\"><strong>Disponible en Amazon<\/strong><\/a><\/p>\n\n\n\n<ul class=\"wp-block-social-links aligncenter is-layout-flex wp-block-social-links-is-layout-flex\"><li class=\"wp-social-link wp-social-link-amazon  wp-block-social-link\"><a href=\"https:\/\/amzn.eu\/d\/3TRdXLG\" class=\"wp-block-social-link-anchor\"><svg width=\"24\" height=\"24\" viewBox=\"0 0 24 24\" version=\"1.1\" xmlns=\"http:\/\/www.w3.org\/2000\/svg\" aria-hidden=\"true\" focusable=\"false\"><path d=\"M13.582,8.182C11.934,8.367,9.78,8.49,8.238,9.166c-1.781,0.769-3.03,2.337-3.03,4.644 c0,2.953,1.86,4.429,4.253,4.429c2.02,0,3.125-0.477,4.685-2.065c0.516,0.747,0.685,1.109,1.629,1.894 c0.212,0.114,0.483,0.103,0.672-0.066l0.006,0.006c0.567-0.505,1.599-1.401,2.18-1.888c0.231-0.188,0.19-0.496,0.009-0.754 c-0.52-0.718-1.072-1.303-1.072-2.634V8.305c0-1.876,0.133-3.599-1.249-4.891C15.23,2.369,13.422,2,12.04,2 C9.336,2,6.318,3.01,5.686,6.351C5.618,6.706,5.877,6.893,6.109,6.945l2.754,0.298C9.121,7.23,9.308,6.977,9.357,6.72 c0.236-1.151,1.2-1.706,2.284-1.706c0.584,0,1.249,0.215,1.595,0.738c0.398,0.584,0.346,1.384,0.346,2.061V8.182z M13.049,14.088 c-0.451,0.8-1.169,1.291-1.967,1.291c-1.09,0-1.728-0.83-1.728-2.061c0-2.42,2.171-2.86,4.227-2.86v0.615 C13.582,12.181,13.608,13.104,13.049,14.088z M20.683,19.339C18.329,21.076,14.917,22,11.979,22c-4.118,0-7.826-1.522-10.632-4.057 c-0.22-0.199-0.024-0.471,0.241-0.317c3.027,1.762,6.771,2.823,10.639,2.823c2.608,0,5.476-0.541,8.115-1.66 C20.739,18.62,21.072,19.051,20.683,19.339z M21.336,21.043c-0.194,0.163-0.379,0.076-0.293-0.139 c0.284-0.71,0.92-2.298,0.619-2.684c-0.301-0.386-1.99-0.183-2.749-0.092c-0.23,0.027-0.266-0.173-0.059-0.319 c1.348-0.946,3.555-0.673,3.811-0.356C22.925,17.773,22.599,19.986,21.336,21.043z\"><\/path><\/svg><span class=\"wp-block-social-link-label screen-reader-text\">Amazon<\/span><\/a><\/li><\/ul>\n\n\n\n<p><a href=\"https:\/\/amzn.eu\/d\/3TRdXLG\"><strong><br><\/strong><\/a><\/p>\n\n\n\n<hr class=\"wp-block-separator has-alpha-channel-opacity\"\/>\n\n\n<div class=\"wp-block-image\">\n<figure class=\"aligncenter size-large is-resized\"><img loading=\"lazy\" decoding=\"async\" width=\"724\" height=\"1024\" src=\"https:\/\/www.respirandoazulclarito.com\/wp-content\/uploads\/2024\/12\/Abrazando-al-miedo-724x1024.png\" alt=\"\" class=\"wp-image-94\" style=\"width:318px;height:auto\" srcset=\"https:\/\/www.respirandoazulclarito.com\/wp-content\/uploads\/2024\/12\/Abrazando-al-miedo-724x1024.png 724w, https:\/\/www.respirandoazulclarito.com\/wp-content\/uploads\/2024\/12\/Abrazando-al-miedo-212x300.png 212w, https:\/\/www.respirandoazulclarito.com\/wp-content\/uploads\/2024\/12\/Abrazando-al-miedo-768x1086.png 768w, https:\/\/www.respirandoazulclarito.com\/wp-content\/uploads\/2024\/12\/Abrazando-al-miedo.png 794w\" sizes=\"auto, (max-width: 724px) 100vw, 724px\" \/><\/figure>\n<\/div>\n\n\n<p>\u201cSentir miedo es natural, todos tenemos miedo en alg\u00fan momento o circunstancia de nuestras vidas, pero cuando el miedo impregna nuestro ser coartando nuestra libertad, es momento de observarlo, escucharlo y comprender lo que el miedo est\u00e1 queriendo mostrarnos. No se trata de que te hagas amigo de tu miedo. Simplemente tendr\u00e1s que comprenderlo y, entonces, desaparecer\u00e1.<\/p>\n\n\n\n<p class=\"has-text-align-center\">Utilizando la respiraci\u00f3n como hilo conductor para abrazar al miedo, entrar\u00e1s en contacto con aprendizajes y, tal vez, con el proceso de auto-sanaci\u00f3n que te proporcionar\u00e1 el \u00edntimo y liberador di\u00e1logo que se establecer\u00e1 entre tu respiraci\u00f3n y tus miedos.\u201d<br><br><a href=\"https:\/\/amzn.eu\/d\/84pe8Lz\"><strong>Disponible en Amazon<\/strong><\/a><\/p>\n\n\n\n<ul class=\"wp-block-social-links aligncenter is-layout-flex wp-block-social-links-is-layout-flex\"><li class=\"wp-social-link wp-social-link-amazon  wp-block-social-link\"><a href=\"https:\/\/amzn.eu\/d\/84pe8Lz\" class=\"wp-block-social-link-anchor\"><svg width=\"24\" height=\"24\" viewBox=\"0 0 24 24\" version=\"1.1\" xmlns=\"http:\/\/www.w3.org\/2000\/svg\" aria-hidden=\"true\" focusable=\"false\"><path d=\"M13.582,8.182C11.934,8.367,9.78,8.49,8.238,9.166c-1.781,0.769-3.03,2.337-3.03,4.644 c0,2.953,1.86,4.429,4.253,4.429c2.02,0,3.125-0.477,4.685-2.065c0.516,0.747,0.685,1.109,1.629,1.894 c0.212,0.114,0.483,0.103,0.672-0.066l0.006,0.006c0.567-0.505,1.599-1.401,2.18-1.888c0.231-0.188,0.19-0.496,0.009-0.754 c-0.52-0.718-1.072-1.303-1.072-2.634V8.305c0-1.876,0.133-3.599-1.249-4.891C15.23,2.369,13.422,2,12.04,2 C9.336,2,6.318,3.01,5.686,6.351C5.618,6.706,5.877,6.893,6.109,6.945l2.754,0.298C9.121,7.23,9.308,6.977,9.357,6.72 c0.236-1.151,1.2-1.706,2.284-1.706c0.584,0,1.249,0.215,1.595,0.738c0.398,0.584,0.346,1.384,0.346,2.061V8.182z M13.049,14.088 c-0.451,0.8-1.169,1.291-1.967,1.291c-1.09,0-1.728-0.83-1.728-2.061c0-2.42,2.171-2.86,4.227-2.86v0.615 C13.582,12.181,13.608,13.104,13.049,14.088z M20.683,19.339C18.329,21.076,14.917,22,11.979,22c-4.118,0-7.826-1.522-10.632-4.057 c-0.22-0.199-0.024-0.471,0.241-0.317c3.027,1.762,6.771,2.823,10.639,2.823c2.608,0,5.476-0.541,8.115-1.66 C20.739,18.62,21.072,19.051,20.683,19.339z M21.336,21.043c-0.194,0.163-0.379,0.076-0.293-0.139 c0.284-0.71,0.92-2.298,0.619-2.684c-0.301-0.386-1.99-0.183-2.749-0.092c-0.23,0.027-0.266-0.173-0.059-0.319 c1.348-0.946,3.555-0.673,3.811-0.356C22.925,17.773,22.599,19.986,21.336,21.043z\"><\/path><\/svg><span class=\"wp-block-social-link-label screen-reader-text\">Amazon<\/span><\/a><\/li><\/ul>\n\n\n\n<hr class=\"wp-block-separator has-alpha-channel-opacity\"\/>\n\n\n<div class=\"wp-block-image\">\n<figure class=\"aligncenter size-large is-resized\"><img loading=\"lazy\" decoding=\"async\" width=\"724\" height=\"1024\" src=\"https:\/\/www.respirandoazulclarito.com\/wp-content\/uploads\/2024\/12\/Mas-alla-de-Hadar-724x1024.png\" alt=\"\" class=\"wp-image-96\" style=\"width:318px;height:auto\" srcset=\"https:\/\/www.respirandoazulclarito.com\/wp-content\/uploads\/2024\/12\/Mas-alla-de-Hadar-724x1024.png 724w, https:\/\/www.respirandoazulclarito.com\/wp-content\/uploads\/2024\/12\/Mas-alla-de-Hadar-212x300.png 212w, https:\/\/www.respirandoazulclarito.com\/wp-content\/uploads\/2024\/12\/Mas-alla-de-Hadar-768x1086.png 768w, https:\/\/www.respirandoazulclarito.com\/wp-content\/uploads\/2024\/12\/Mas-alla-de-Hadar.png 794w\" sizes=\"auto, (max-width: 724px) 100vw, 724px\" \/><\/figure>\n<\/div>\n\n\n<p>\u201cTic, toc, tic, toc; el tiempo avanza. \u00bfRealmente avanza? Y si es as\u00ed, \u00bfhacia d\u00f3nde?, \u00bfhacia adelante, hacia atr\u00e1s, tal vez en todas las direcciones?, \u00bfen infinitas l\u00edneas de tiempo? Tic, toc, tic, toc; todo ha pasado ya, todo est\u00e1 a punto de suceder.<\/p>\n\n\n\n<p>Le\u00f3nidas, interno de un centro de salud mental de Madrid, comienza a experimentar situaciones que van m\u00e1s all\u00e1 de las propias asociadas a su trastorno de identidad disociativo, antes conocido como trastorno de identidad m\u00faltiple.<\/p>\n\n\n\n<p>En la ciudad de Ekos -planeta Naia-, Mir \u2013una anciana de 150 a\u00f1os que pasa sus \u00faltimos d\u00edas en El Hogar (una acogedora residencia) \u2013 y Ciro \u2013un joven de 24 a\u00f1os que se encuentra en su plenitud vital\u2013, comienzan a vivir situaciones an\u00f3malas.<\/p>\n\n\n\n<p>H\u00e1dar, de la estirpe de Los que aguardan del planeta Gur, ha logrado establecer contacto con vida de otro planeta. \u00bfSer\u00e1 esta la soluci\u00f3n a la situaci\u00f3n catastr\u00f3fica en la que se encuentran?<\/p>\n\n\n\n<p class=\"has-text-align-center\">M\u00e1s all\u00e1 de las leyes de la f\u00edsica conocidas hasta entonces, una serie de acontecimientos van entretejiendo incre\u00edbles realidades que conectar\u00e1n a los personajes de una manera que nunca antes habr\u00edan imaginado.\u201d<br><br><strong><a href=\"https:\/\/amzn.eu\/d\/2TVt4j8\">Disponible en Amazon<\/a><\/strong><\/p>\n\n\n\n<ul class=\"wp-block-social-links aligncenter is-layout-flex wp-block-social-links-is-layout-flex\"><li class=\"wp-social-link wp-social-link-amazon  wp-block-social-link\"><a href=\"https:\/\/amzn.eu\/d\/2TVt4j8\" class=\"wp-block-social-link-anchor\"><svg width=\"24\" height=\"24\" viewBox=\"0 0 24 24\" version=\"1.1\" xmlns=\"http:\/\/www.w3.org\/2000\/svg\" aria-hidden=\"true\" focusable=\"false\"><path d=\"M13.582,8.182C11.934,8.367,9.78,8.49,8.238,9.166c-1.781,0.769-3.03,2.337-3.03,4.644 c0,2.953,1.86,4.429,4.253,4.429c2.02,0,3.125-0.477,4.685-2.065c0.516,0.747,0.685,1.109,1.629,1.894 c0.212,0.114,0.483,0.103,0.672-0.066l0.006,0.006c0.567-0.505,1.599-1.401,2.18-1.888c0.231-0.188,0.19-0.496,0.009-0.754 c-0.52-0.718-1.072-1.303-1.072-2.634V8.305c0-1.876,0.133-3.599-1.249-4.891C15.23,2.369,13.422,2,12.04,2 C9.336,2,6.318,3.01,5.686,6.351C5.618,6.706,5.877,6.893,6.109,6.945l2.754,0.298C9.121,7.23,9.308,6.977,9.357,6.72 c0.236-1.151,1.2-1.706,2.284-1.706c0.584,0,1.249,0.215,1.595,0.738c0.398,0.584,0.346,1.384,0.346,2.061V8.182z M13.049,14.088 c-0.451,0.8-1.169,1.291-1.967,1.291c-1.09,0-1.728-0.83-1.728-2.061c0-2.42,2.171-2.86,4.227-2.86v0.615 C13.582,12.181,13.608,13.104,13.049,14.088z M20.683,19.339C18.329,21.076,14.917,22,11.979,22c-4.118,0-7.826-1.522-10.632-4.057 c-0.22-0.199-0.024-0.471,0.241-0.317c3.027,1.762,6.771,2.823,10.639,2.823c2.608,0,5.476-0.541,8.115-1.66 C20.739,18.62,21.072,19.051,20.683,19.339z M21.336,21.043c-0.194,0.163-0.379,0.076-0.293-0.139 c0.284-0.71,0.92-2.298,0.619-2.684c-0.301-0.386-1.99-0.183-2.749-0.092c-0.23,0.027-0.266-0.173-0.059-0.319 c1.348-0.946,3.555-0.673,3.811-0.356C22.925,17.773,22.599,19.986,21.336,21.043z\"><\/path><\/svg><span class=\"wp-block-social-link-label screen-reader-text\">Amazon<\/span><\/a><\/li><\/ul>\n\n\n\n<hr class=\"wp-block-separator has-alpha-channel-opacity\"\/>\n\n\n<div class=\"wp-block-image\">\n<figure class=\"aligncenter size-large is-resized\"><img loading=\"lazy\" decoding=\"async\" width=\"724\" height=\"1024\" src=\"https:\/\/www.respirandoazulclarito.com\/wp-content\/uploads\/2024\/12\/Biografia-d-ela-plenitud-724x1024.png\" alt=\"\" class=\"wp-image-97\" style=\"width:318px;height:auto\" srcset=\"https:\/\/www.respirandoazulclarito.com\/wp-content\/uploads\/2024\/12\/Biografia-d-ela-plenitud-724x1024.png 724w, https:\/\/www.respirandoazulclarito.com\/wp-content\/uploads\/2024\/12\/Biografia-d-ela-plenitud-212x300.png 212w, https:\/\/www.respirandoazulclarito.com\/wp-content\/uploads\/2024\/12\/Biografia-d-ela-plenitud-768x1086.png 768w, https:\/\/www.respirandoazulclarito.com\/wp-content\/uploads\/2024\/12\/Biografia-d-ela-plenitud.png 794w\" sizes=\"auto, (max-width: 724px) 100vw, 724px\" \/><\/figure>\n<\/div>\n\n\n<p>\u201cEn este libro no encontrar\u00e1s un manual de herramientas con lo que debes y no debes hacer para alcanzar una vida plena. No; este libro no va de eso.<\/p>\n\n\n\n<p class=\"has-text-align-center\">En este libro, me permito abrir mi coraz\u00f3n, fluir con el momento, y mostrarte, desde la experiencia, a modo bastante autobiogr\u00e1fico, las cosas que me han ayudado a convertirme en la persona que soy hoy en d\u00eda: Marta, una mujer de cuarenta y ocho a\u00f1os que es feliz y se siente tremendamente plena.\u201d<br><br><strong><a href=\"https:\/\/amzn.eu\/d\/gfodZrP\">Disponible en Amazon<\/a><\/strong><\/p>\n\n\n\n<ul class=\"wp-block-social-links aligncenter is-layout-flex wp-block-social-links-is-layout-flex\"><li class=\"wp-social-link wp-social-link-amazon  wp-block-social-link\"><a href=\"https:\/\/amzn.eu\/d\/gfodZrP\" class=\"wp-block-social-link-anchor\"><svg width=\"24\" height=\"24\" viewBox=\"0 0 24 24\" version=\"1.1\" xmlns=\"http:\/\/www.w3.org\/2000\/svg\" aria-hidden=\"true\" focusable=\"false\"><path d=\"M13.582,8.182C11.934,8.367,9.78,8.49,8.238,9.166c-1.781,0.769-3.03,2.337-3.03,4.644 c0,2.953,1.86,4.429,4.253,4.429c2.02,0,3.125-0.477,4.685-2.065c0.516,0.747,0.685,1.109,1.629,1.894 c0.212,0.114,0.483,0.103,0.672-0.066l0.006,0.006c0.567-0.505,1.599-1.401,2.18-1.888c0.231-0.188,0.19-0.496,0.009-0.754 c-0.52-0.718-1.072-1.303-1.072-2.634V8.305c0-1.876,0.133-3.599-1.249-4.891C15.23,2.369,13.422,2,12.04,2 C9.336,2,6.318,3.01,5.686,6.351C5.618,6.706,5.877,6.893,6.109,6.945l2.754,0.298C9.121,7.23,9.308,6.977,9.357,6.72 c0.236-1.151,1.2-1.706,2.284-1.706c0.584,0,1.249,0.215,1.595,0.738c0.398,0.584,0.346,1.384,0.346,2.061V8.182z M13.049,14.088 c-0.451,0.8-1.169,1.291-1.967,1.291c-1.09,0-1.728-0.83-1.728-2.061c0-2.42,2.171-2.86,4.227-2.86v0.615 C13.582,12.181,13.608,13.104,13.049,14.088z M20.683,19.339C18.329,21.076,14.917,22,11.979,22c-4.118,0-7.826-1.522-10.632-4.057 c-0.22-0.199-0.024-0.471,0.241-0.317c3.027,1.762,6.771,2.823,10.639,2.823c2.608,0,5.476-0.541,8.115-1.66 C20.739,18.62,21.072,19.051,20.683,19.339z M21.336,21.043c-0.194,0.163-0.379,0.076-0.293-0.139 c0.284-0.71,0.92-2.298,0.619-2.684c-0.301-0.386-1.99-0.183-2.749-0.092c-0.23,0.027-0.266-0.173-0.059-0.319 c1.348-0.946,3.555-0.673,3.811-0.356C22.925,17.773,22.599,19.986,21.336,21.043z\"><\/path><\/svg><span class=\"wp-block-social-link-label screen-reader-text\">Amazon<\/span><\/a><\/li><\/ul>\n\n\n\n<p class=\"has-text-align-center\"><strong><a href=\"https:\/\/www.amazon.es\/s?i=digital-text&amp;rh=p_27%3AMarta+Jim%C3%A9nez+Barco&amp;s=relevancerank&amp;text=Marta+Jim%C3%A9nez+Barco&amp;ref=dp_byline_sr_ebooks_1\">Aqu\u00ed encontrar\u00e1s el listado completo de mis libros<\/a><\/strong><\/p>\n\n\n\n<ul class=\"wp-block-social-links aligncenter is-layout-flex wp-block-social-links-is-layout-flex\"><li class=\"wp-social-link wp-social-link-amazon  wp-block-social-link\"><a href=\"https:\/\/www.amazon.es\/s?i=digital-text&#038;rh=p_27%3AMarta+Jim%C3%A9nez+Barco&#038;s=relevancerank&#038;text=Marta+Jim%C3%A9nez+Barco&#038;ref=dp_byline_sr_ebooks_1\" class=\"wp-block-social-link-anchor\"><svg width=\"24\" height=\"24\" viewBox=\"0 0 24 24\" version=\"1.1\" xmlns=\"http:\/\/www.w3.org\/2000\/svg\" aria-hidden=\"true\" focusable=\"false\"><path d=\"M13.582,8.182C11.934,8.367,9.78,8.49,8.238,9.166c-1.781,0.769-3.03,2.337-3.03,4.644 c0,2.953,1.86,4.429,4.253,4.429c2.02,0,3.125-0.477,4.685-2.065c0.516,0.747,0.685,1.109,1.629,1.894 c0.212,0.114,0.483,0.103,0.672-0.066l0.006,0.006c0.567-0.505,1.599-1.401,2.18-1.888c0.231-0.188,0.19-0.496,0.009-0.754 c-0.52-0.718-1.072-1.303-1.072-2.634V8.305c0-1.876,0.133-3.599-1.249-4.891C15.23,2.369,13.422,2,12.04,2 C9.336,2,6.318,3.01,5.686,6.351C5.618,6.706,5.877,6.893,6.109,6.945l2.754,0.298C9.121,7.23,9.308,6.977,9.357,6.72 c0.236-1.151,1.2-1.706,2.284-1.706c0.584,0,1.249,0.215,1.595,0.738c0.398,0.584,0.346,1.384,0.346,2.061V8.182z M13.049,14.088 c-0.451,0.8-1.169,1.291-1.967,1.291c-1.09,0-1.728-0.83-1.728-2.061c0-2.42,2.171-2.86,4.227-2.86v0.615 C13.582,12.181,13.608,13.104,13.049,14.088z M20.683,19.339C18.329,21.076,14.917,22,11.979,22c-4.118,0-7.826-1.522-10.632-4.057 c-0.22-0.199-0.024-0.471,0.241-0.317c3.027,1.762,6.771,2.823,10.639,2.823c2.608,0,5.476-0.541,8.115-1.66 C20.739,18.62,21.072,19.051,20.683,19.339z M21.336,21.043c-0.194,0.163-0.379,0.076-0.293-0.139 c0.284-0.71,0.92-2.298,0.619-2.684c-0.301-0.386-1.99-0.183-2.749-0.092c-0.23,0.027-0.266-0.173-0.059-0.319 c1.348-0.946,3.555-0.673,3.811-0.356C22.925,17.773,22.599,19.986,21.336,21.043z\"><\/path><\/svg><span class=\"wp-block-social-link-label screen-reader-text\">Amazon<\/span><\/a><\/li><\/ul>\n","protected":false},"excerpt":{"rendered":"<p>Descubr\u00ed el apasionante mundo de la escritura a los cuarenta a\u00f1os. Hoy por hoy, a mis cuarenta y ocho, soy autora de cuatro libros. Inspirada por la naturaleza y la &hellip; <\/p>\n","protected":false},"author":1,"featured_media":0,"parent":0,"menu_order":0,"comment_status":"open","ping_status":"closed","template":"","meta":{"footnotes":""},"class_list":["post-90","page","type-page","status-publish","hentry"],"_links":{"self":[{"href":"https:\/\/www.respirandoazulclarito.com\/index.php\/wp-json\/wp\/v2\/pages\/90","targetHints":{"allow":["GET"]}}],"collection":[{"href":"https:\/\/www.respirandoazulclarito.com\/index.php\/wp-json\/wp\/v2\/pages"}],"about":[{"href":"https:\/\/www.respirandoazulclarito.com\/index.php\/wp-json\/wp\/v2\/types\/page"}],"author":[{"embeddable":true,"href":"https:\/\/www.respirandoazulclarito.com\/index.php\/wp-json\/wp\/v2\/users\/1"}],"replies":[{"embeddable":true,"href":"https:\/\/www.respirandoazulclarito.com\/index.php\/wp-json\/wp\/v2\/comments?post=90"}],"version-history":[{"count":9,"href":"https:\/\/www.respirandoazulclarito.com\/index.php\/wp-json\/wp\/v2\/pages\/90\/revisions"}],"predecessor-version":[{"id":181,"href":"https:\/\/www.respirandoazulclarito.com\/index.php\/wp-json\/wp\/v2\/pages\/90\/revisions\/181"}],"wp:attachment":[{"href":"https:\/\/www.respirandoazulclarito.com\/index.php\/wp-json\/wp\/v2\/media?parent=90"}],"curies":[{"name":"wp","href":"https:\/\/api.w.org\/{rel}","templated":true}]}}