{"id":454,"date":"2026-01-04T13:18:49","date_gmt":"2026-01-04T13:18:49","guid":{"rendered":"https:\/\/www.respirandoazulclarito.com\/?page_id=454"},"modified":"2026-01-04T14:36:03","modified_gmt":"2026-01-04T14:36:03","slug":"enlaces-de-youtube","status":"publish","type":"page","link":"https:\/\/www.respirandoazulclarito.com\/index.php\/enlaces-de-youtube\/","title":{"rendered":"Enlaces de Youtube"},"content":{"rendered":"\n<figure class=\"wp-block-image size-large\"><a href=\"https:\/\/youtube.com\/@respirandoazulclarito1?si=cZi6-trxabq-E8kG\"><img loading=\"lazy\" decoding=\"async\" width=\"1024\" height=\"169\" src=\"https:\/\/www.respirandoazulclarito.com\/wp-content\/uploads\/2026\/01\/Youtube-1024x169.jpg\" alt=\"\" class=\"wp-image-455\" srcset=\"https:\/\/www.respirandoazulclarito.com\/wp-content\/uploads\/2026\/01\/Youtube-1024x169.jpg 1024w, https:\/\/www.respirandoazulclarito.com\/wp-content\/uploads\/2026\/01\/Youtube-300x50.jpg 300w, https:\/\/www.respirandoazulclarito.com\/wp-content\/uploads\/2026\/01\/Youtube-768x127.jpg 768w, https:\/\/www.respirandoazulclarito.com\/wp-content\/uploads\/2026\/01\/Youtube-1536x254.jpg 1536w, https:\/\/www.respirandoazulclarito.com\/wp-content\/uploads\/2026\/01\/Youtube.jpg 1707w\" sizes=\"auto, (max-width: 1024px) 100vw, 1024px\" \/><\/a><\/figure>\n\n\n\n<p>\ud83e\udd70\ud83d\ude4f\ud83e\ude75\ud83d\udc9e\ud83e\udec2\ud83d\udcab<\/p>\n\n\n\n<p>Con cari\u00f1o comparto los enlaces de mi canal de Youtube ordenados por temas:<\/p>\n\n\n\n<p>\ud83e\ude75 <a href=\"https:\/\/youtube.com\/@respirandoazulclarito1?si=cZi6-trxabq-E8kG\"><strong>Canal RESPIRANDO AZUL CLARITO<\/strong><\/a><br>P\u00e1gina principal de Youtube desde donde acceder a toda la informaci\u00f3n.<br><br>\ud83e\ude75 <a href=\"https:\/\/youtube.com\/playlist?list=PLXEY_AOn6-FtmtYFnno492xukfTCsKTm0&amp;si=gRTbF-t-pHJPMGei\"><strong>EJERCICIOS CUERPO-MENTE <\/strong><br><\/a>Ejercicios basados en t\u00e9cnicas orientales chinas con una duraci\u00f3n de 10-15 minutos.<br><br>\ud83e\ude75 <a href=\"https:\/\/youtube.com\/playlist?list=PLXEY_AOn6-FtiWw9ECXKUkDSW_obhQhhP&amp;si=tr4LKKpa2IuxaiK3\"><strong>Todas las MEDITACIONES GUIADAS<\/strong><\/a><br>Meditaciones para la Ansiedad, Insomnio, espec\u00edficas de Joe Dispenza, del M\u00e9todo Silva y muchas m\u00e1s.<br><br>\ud83e\ude75 <a href=\"https:\/\/youtube.com\/playlist?list=PLXEY_AOn6-Fv5LuFkN9hbSlCV44D5WQZk&amp;si=c0K06GpG5kAFLwLO\"><strong>Meditaciones de JOE DISPENZA<\/strong><\/a><br>Para realizar por la ma\u00f1ana, por la noche o en cualquier momento. Te ayudar\u00e1n a conectar con tu potencial y con la grandiosidad de la existencia, permiti\u00e9ndote deshacerte de patrones negativos.<\/p>\n\n\n\n<p>\ud83e\ude75 <a href=\"https:\/\/youtube.com\/playlist?list=PLXEY_AOn6-FsuNUBxRSOP3xBwCHlfc8CO&amp;si=Nsw4sRuawFXUEos2\"><strong>M\u00e9todo SILVA de CONTROL MENTAL<\/strong><\/a><br>Basadas en el m\u00e9todo de Jos\u00e9 Silva, te ayudar\u00e1n a enfocarte, relajarte y entrar en un estado mental m\u00e1s saludable.<\/p>\n\n\n\n<p>\ud83e\ude75 <strong><a href=\"https:\/\/youtube.com\/playlist?list=PLXEY_AOn6-FtMt78gCNlNKFSihYrNkedS&amp;si=anEHVFbZxP4yAc2h\">KUNDALINI YOGA &#8211; Series y Meditaciones<\/a><\/strong><br>Encontrar\u00e1s series para cada chakra y con objetivos espec\u00edficos.<\/p>\n\n\n\n<p>\ud83e\ude75 <strong><a href=\"https:\/\/youtube.com\/playlist?list=PLXEY_AOn6-FtMt78gCNlNKFSihYrNkedS&amp;si=anEHVFbZxP4yAc2h\">SUE\u00d1O &#8211; DESCANSO<\/a><\/strong><br>Meditaciones guiadas y t\u00e9cnicas de respiraci\u00f3n espec\u00edficas para conciliar el sue\u00f1o.<\/p>\n\n\n\n<p>\ud83e\ude75 <strong><a href=\"https:\/\/youtube.com\/playlist?list=PLXEY_AOn6-FsCHPnzLC3yPvv7qisx36rp&amp;si=aziVvp40f2TVufQJ\">RESPIRACI\u00d3N<\/a><\/strong><br>T\u00e9cnicas de respiraci\u00f3n para relajarte, activarte, equilibrar tus dos hemisferios y entrar en un estado de mayor consciencia.<\/p>\n\n\n\n<p>No dudes en preguntarme por alguna meditaci\u00f3n o t\u00e9cnica espec\u00edfica. Estar\u00e9  encantada de poder ayudarte.<br><br>Un abrazo enorme<br>\ud83d\udcab\ud83e\ude75\ud83e\udec2<br><br>Marta<\/p>\n","protected":false},"excerpt":{"rendered":"<p>\ud83e\udd70\ud83d\ude4f\ud83e\ude75\ud83d\udc9e\ud83e\udec2\ud83d\udcab Con cari\u00f1o comparto los enlaces de mi canal de Youtube ordenados por temas: \ud83e\ude75 Canal RESPIRANDO AZUL CLARITOP\u00e1gina principal de Youtube desde donde acceder a toda la informaci\u00f3n. \ud83e\ude75 &hellip; <\/p>\n","protected":false},"author":1,"featured_media":0,"parent":0,"menu_order":0,"comment_status":"open","ping_status":"closed","template":"","meta":{"footnotes":""},"class_list":["post-454","page","type-page","status-publish","hentry"],"_links":{"self":[{"href":"https:\/\/www.respirandoazulclarito.com\/index.php\/wp-json\/wp\/v2\/pages\/454","targetHints":{"allow":["GET"]}}],"collection":[{"href":"https:\/\/www.respirandoazulclarito.com\/index.php\/wp-json\/wp\/v2\/pages"}],"about":[{"href":"https:\/\/www.respirandoazulclarito.com\/index.php\/wp-json\/wp\/v2\/types\/page"}],"author":[{"embeddable":true,"href":"https:\/\/www.respirandoazulclarito.com\/index.php\/wp-json\/wp\/v2\/users\/1"}],"replies":[{"embeddable":true,"href":"https:\/\/www.respirandoazulclarito.com\/index.php\/wp-json\/wp\/v2\/comments?post=454"}],"version-history":[{"count":3,"href":"https:\/\/www.respirandoazulclarito.com\/index.php\/wp-json\/wp\/v2\/pages\/454\/revisions"}],"predecessor-version":[{"id":460,"href":"https:\/\/www.respirandoazulclarito.com\/index.php\/wp-json\/wp\/v2\/pages\/454\/revisions\/460"}],"wp:attachment":[{"href":"https:\/\/www.respirandoazulclarito.com\/index.php\/wp-json\/wp\/v2\/media?parent=454"}],"curies":[{"name":"wp","href":"https:\/\/api.w.org\/{rel}","templated":true}]}}