{"id":30,"date":"2024-12-04T12:26:39","date_gmt":"2024-12-04T12:26:39","guid":{"rendered":"https:\/\/www.respirandoazulclarito.com\/?page_id=30"},"modified":"2025-11-04T12:44:39","modified_gmt":"2025-11-04T12:44:39","slug":"clases","status":"publish","type":"page","link":"https:\/\/www.respirandoazulclarito.com\/index.php\/clases\/","title":{"rendered":"Clases"},"content":{"rendered":"<div class=\"wp-block-image is-style-rounded\">\n<figure class=\"aligncenter size-large is-resized\"><img loading=\"lazy\" decoding=\"async\" width=\"1024\" height=\"1024\" src=\"https:\/\/www.respirandoazulclarito.com\/wp-content\/uploads\/2024\/12\/Diseno-sin-titulo-1-1-1024x1024.png\" alt=\"\" class=\"wp-image-58\" style=\"width:694px;height:auto\" srcset=\"https:\/\/www.respirandoazulclarito.com\/wp-content\/uploads\/2024\/12\/Diseno-sin-titulo-1-1-1024x1024.png 1024w, https:\/\/www.respirandoazulclarito.com\/wp-content\/uploads\/2024\/12\/Diseno-sin-titulo-1-1-300x300.png 300w, https:\/\/www.respirandoazulclarito.com\/wp-content\/uploads\/2024\/12\/Diseno-sin-titulo-1-1-150x150.png 150w, https:\/\/www.respirandoazulclarito.com\/wp-content\/uploads\/2024\/12\/Diseno-sin-titulo-1-1-768x768.png 768w, https:\/\/www.respirandoazulclarito.com\/wp-content\/uploads\/2024\/12\/Diseno-sin-titulo-1-1.png 1080w\" sizes=\"auto, (max-width: 1024px) 100vw, 1024px\" \/><\/figure>\n<\/div>\n\n\n<blockquote class=\"wp-block-quote has-text-align-center is-style-large is-layout-flow wp-block-quote-is-layout-flow\">\n<blockquote class=\"wp-block-quote is-layout-flow wp-block-quote-is-layout-flow\">\n<p>La magia comienza en el encuentro sincero con nosotros mismos<\/p>\n\n\n\n<p>&#8211; Marta Jim\u00e9nez Barco<\/p>\n<\/blockquote>\n<\/blockquote>\n\n\n\n<p>Con todo mi cari\u00f1o, comparto una serie de actividades que, personalmente, me nutren cuerpo, mente y alma y que podr\u00e1s practicar de manera presencial u online:<\/p>\n\n\n<div class=\"wp-block-image is-style-default\">\n<figure class=\"aligncenter size-large\"><img loading=\"lazy\" decoding=\"async\" width=\"1024\" height=\"1024\" src=\"https:\/\/www.respirandoazulclarito.com\/wp-content\/uploads\/2025\/11\/1-1024x1024.png\" alt=\"\" class=\"wp-image-448\" srcset=\"https:\/\/www.respirandoazulclarito.com\/wp-content\/uploads\/2025\/11\/1-1024x1024.png 1024w, https:\/\/www.respirandoazulclarito.com\/wp-content\/uploads\/2025\/11\/1-300x300.png 300w, https:\/\/www.respirandoazulclarito.com\/wp-content\/uploads\/2025\/11\/1-150x150.png 150w, https:\/\/www.respirandoazulclarito.com\/wp-content\/uploads\/2025\/11\/1-768x768.png 768w, https:\/\/www.respirandoazulclarito.com\/wp-content\/uploads\/2025\/11\/1.png 1080w\" sizes=\"auto, (max-width: 1024px) 100vw, 1024px\" \/><\/figure>\n<\/div>\n\n\n<hr class=\"wp-block-separator has-alpha-channel-opacity\"\/>\n\n\n\n<div class=\"wp-block-columns is-layout-flex wp-container-core-columns-is-layout-9d6595d7 wp-block-columns-is-layout-flex\">\n<div class=\"wp-block-column is-layout-flow wp-block-column-is-layout-flow\" style=\"flex-basis:100%\">\n<div class=\"wp-block-group alignfull has-text-color has-background\" style=\"color:#000000;background-color:#ffffff\"><div class=\"wp-block-group__inner-container is-layout-flow wp-block-group-is-layout-flow\">\n<h2 class=\"wp-block-heading has-text-align-center\">CLASES<\/h2>\n\n\n\n<div class=\"wp-block-buttons is-content-justification-center is-layout-flex wp-container-core-buttons-is-layout-16018d1d wp-block-buttons-is-layout-flex\">\n<div class=\"wp-block-button\"><a class=\"wp-block-button__link has-white-color has-vivid-purple-background-color has-text-color has-background has-link-color wp-element-button\" href=\"https:\/\/www.respirandoazulclarito.com\/index.php\/clases-online\/\"><strong>Online<\/strong><\/a><\/div>\n\n\n\n<div class=\"wp-block-button\"><a class=\"wp-block-button__link has-white-color has-luminous-vivid-amber-background-color has-text-color has-background has-link-color wp-element-button\" href=\"https:\/\/www.respirandoazulclarito.com\/index.php\/clases-presenciales\/\"><strong>Presenciales<\/strong><\/a><\/div>\n<\/div>\n\n\n\n<hr class=\"wp-block-separator has-alpha-channel-opacity\"\/>\n<\/div><\/div>\n<\/div>\n<\/div>\n\n\n\n<p class=\"has-text-align-center\"><strong>INFORMACI\u00d3N Y RESERVAS<\/strong><\/p>\n\n\n\n<p class=\"has-text-align-center\">Te informo encantada de las clases o de cualquier duda que te pueda surgir a trav\u00e9s del&nbsp;<strong><a href=\"https:\/\/wa.me\/34638234123\">WhatsApp (+34) 638 234 123&nbsp;<\/a><\/strong>o por&nbsp;<strong>email&nbsp;<\/strong>en marta@respirandoazulclarito.com<\/p>\n","protected":false},"excerpt":{"rendered":"<p>Con todo mi cari\u00f1o, comparto una serie de actividades que, personalmente, me nutren cuerpo, mente y alma y que podr\u00e1s practicar de manera presencial u online: CLASES INFORMACI\u00d3N Y RESERVAS &hellip; <\/p>\n","protected":false},"author":1,"featured_media":259,"parent":0,"menu_order":0,"comment_status":"open","ping_status":"closed","template":"","meta":{"footnotes":""},"class_list":["post-30","page","type-page","status-publish","has-post-thumbnail","hentry"],"_links":{"self":[{"href":"https:\/\/www.respirandoazulclarito.com\/index.php\/wp-json\/wp\/v2\/pages\/30","targetHints":{"allow":["GET"]}}],"collection":[{"href":"https:\/\/www.respirandoazulclarito.com\/index.php\/wp-json\/wp\/v2\/pages"}],"about":[{"href":"https:\/\/www.respirandoazulclarito.com\/index.php\/wp-json\/wp\/v2\/types\/page"}],"author":[{"embeddable":true,"href":"https:\/\/www.respirandoazulclarito.com\/index.php\/wp-json\/wp\/v2\/users\/1"}],"replies":[{"embeddable":true,"href":"https:\/\/www.respirandoazulclarito.com\/index.php\/wp-json\/wp\/v2\/comments?post=30"}],"version-history":[{"count":57,"href":"https:\/\/www.respirandoazulclarito.com\/index.php\/wp-json\/wp\/v2\/pages\/30\/revisions"}],"predecessor-version":[{"id":449,"href":"https:\/\/www.respirandoazulclarito.com\/index.php\/wp-json\/wp\/v2\/pages\/30\/revisions\/449"}],"wp:featuredmedia":[{"embeddable":true,"href":"https:\/\/www.respirandoazulclarito.com\/index.php\/wp-json\/wp\/v2\/media\/259"}],"wp:attachment":[{"href":"https:\/\/www.respirandoazulclarito.com\/index.php\/wp-json\/wp\/v2\/media?parent=30"}],"curies":[{"name":"wp","href":"https:\/\/api.w.org\/{rel}","templated":true}]}}