{"id":170,"date":"2024-12-06T09:18:45","date_gmt":"2024-12-06T09:18:45","guid":{"rendered":"https:\/\/www.respirandoazulclarito.com\/?page_id=170"},"modified":"2025-06-06T13:37:32","modified_gmt":"2025-06-06T13:37:32","slug":"contacto","status":"publish","type":"page","link":"https:\/\/www.respirandoazulclarito.com\/index.php\/contacto\/","title":{"rendered":"Contacto"},"content":{"rendered":"\n<p>Puedes ponerete en contacto conmigo por diversas v\u00edas. Estar\u00e9 encantada de poder atenderte e informarte de cualquier actividad, taller o consulta que te pudiera surgir:<\/p>\n\n\n\n<p>La m\u00e1s r\u00e1pida y efectiva, <strong><a href=\"https:\/\/wa.me\/34638234123\">WhatsApp: (+34) 638 234 123<\/a><\/strong><br><strong>Email: info@respirandoazulclartito.com<\/strong><\/p>\n\n\n\n<p><\/p>\n","protected":false},"excerpt":{"rendered":"<p>Puedes ponerete en contacto conmigo por diversas v\u00edas. Estar\u00e9 encantada de poder atenderte e informarte de cualquier actividad, taller o consulta que te pudiera surgir: La m\u00e1s r\u00e1pida y efectiva, &hellip; <\/p>\n","protected":false},"author":1,"featured_media":0,"parent":0,"menu_order":0,"comment_status":"open","ping_status":"closed","template":"","meta":{"footnotes":""},"class_list":["post-170","page","type-page","status-publish","hentry"],"_links":{"self":[{"href":"https:\/\/www.respirandoazulclarito.com\/index.php\/wp-json\/wp\/v2\/pages\/170","targetHints":{"allow":["GET"]}}],"collection":[{"href":"https:\/\/www.respirandoazulclarito.com\/index.php\/wp-json\/wp\/v2\/pages"}],"about":[{"href":"https:\/\/www.respirandoazulclarito.com\/index.php\/wp-json\/wp\/v2\/types\/page"}],"author":[{"embeddable":true,"href":"https:\/\/www.respirandoazulclarito.com\/index.php\/wp-json\/wp\/v2\/users\/1"}],"replies":[{"embeddable":true,"href":"https:\/\/www.respirandoazulclarito.com\/index.php\/wp-json\/wp\/v2\/comments?post=170"}],"version-history":[{"count":7,"href":"https:\/\/www.respirandoazulclarito.com\/index.php\/wp-json\/wp\/v2\/pages\/170\/revisions"}],"predecessor-version":[{"id":326,"href":"https:\/\/www.respirandoazulclarito.com\/index.php\/wp-json\/wp\/v2\/pages\/170\/revisions\/326"}],"wp:attachment":[{"href":"https:\/\/www.respirandoazulclarito.com\/index.php\/wp-json\/wp\/v2\/media?parent=170"}],"curies":[{"name":"wp","href":"https:\/\/api.w.org\/{rel}","templated":true}]}}