{"id":130,"date":"2024-12-05T15:48:36","date_gmt":"2024-12-05T15:48:36","guid":{"rendered":"https:\/\/www.respirandoazulclarito.com\/?page_id=130"},"modified":"2025-09-09T06:24:22","modified_gmt":"2025-09-09T06:24:22","slug":"retiros-en-la-naturaleza","status":"publish","type":"page","link":"https:\/\/www.respirandoazulclarito.com\/index.php\/retiros-en-la-naturaleza\/","title":{"rendered":"Retiros en la Naturaleza"},"content":{"rendered":"<div class=\"wp-block-image\">\n<figure class=\"aligncenter size-large\"><img loading=\"lazy\" decoding=\"async\" width=\"1024\" height=\"474\" src=\"https:\/\/www.respirandoazulclarito.com\/wp-content\/uploads\/2024\/12\/Retiro-Portada-1024x474.png\" alt=\"\" class=\"wp-image-131\" srcset=\"https:\/\/www.respirandoazulclarito.com\/wp-content\/uploads\/2024\/12\/Retiro-Portada-1024x474.png 1024w, https:\/\/www.respirandoazulclarito.com\/wp-content\/uploads\/2024\/12\/Retiro-Portada-300x139.png 300w, https:\/\/www.respirandoazulclarito.com\/wp-content\/uploads\/2024\/12\/Retiro-Portada-768x356.png 768w, https:\/\/www.respirandoazulclarito.com\/wp-content\/uploads\/2024\/12\/Retiro-Portada.png 1080w\" sizes=\"auto, (max-width: 1024px) 100vw, 1024px\" \/><\/figure>\n<\/div>\n\n\n<p>Ven a disfrutar de un <strong>fin de semana inolvidable<\/strong> en plena naturaleza, en el <strong>Valle del Tietar<\/strong>, a las faldas de la Sierra de Gredos (\u00c1vila, Espa\u00f1a).<\/p>\n\n\n\n<h2 class=\"wp-block-heading\">PROGRAMA DE ACTIVIDADES<\/h2>\n\n\n\n<div class=\"wp-block-group\"><div class=\"wp-block-group__inner-container is-layout-constrained wp-block-group-is-layout-constrained\">\n<div class=\"wp-block-group is-nowrap is-layout-flex wp-container-core-group-is-layout-ad2f72ca wp-block-group-is-layout-flex\">\n<p>\ud83e\ude75Llegada el viernes por la tarde a partir de las 16.30 hrs (presentaci\u00f3n y meditaci\u00f3n nocturna).<br>\ud83e\ude75 Contemplaci\u00f3n del amanecer (s\u00e1bado y domingo al amancer).<br>\ud83e\ude75 Clase de Kundalini Yoga matinal (s\u00e1bado) y estiramientos (domingo).<br>\ud83e\ude75 Senderismo (de 5-11 km aprox.), respiraci\u00f3n consciente y ba\u00f1o de bosques (s\u00e1bado y domingo tras el desayuno y hasta la hora de comer).<br>\ud83e\ude75 Visita y ba\u00f1o en r\u00edos y pozas (s\u00e1bado y domingo tras el desayuno y hasta la hora de comer).<br>\ud83e\ude75 Programaci\u00f3n de objetivos (s\u00e1bado por la tarde. Sujeto a sustituci\u00f3n por otra actividad).<br>\ud83e\ude75 Armonizaci\u00f3n de Chakras, Equilibrio y liberaci\u00f3n emocional a trav\u00e9s de la vibraci\u00f3n (s\u00e1bado por la tarde).<br>\ud83e\ude75 Compartir, re\u00edr, disfrutar de la vida<\/p>\n<\/div>\n<\/div><\/div>\n\n\n<div class=\"wp-block-image\">\n<figure class=\"aligncenter size-full is-resized\"><img loading=\"lazy\" decoding=\"async\" width=\"810\" height=\"810\" src=\"https:\/\/www.respirandoazulclarito.com\/wp-content\/uploads\/2024\/12\/6-2.png\" alt=\"\" class=\"wp-image-144\" style=\"width:519px;height:auto\" srcset=\"https:\/\/www.respirandoazulclarito.com\/wp-content\/uploads\/2024\/12\/6-2.png 810w, https:\/\/www.respirandoazulclarito.com\/wp-content\/uploads\/2024\/12\/6-2-300x300.png 300w, https:\/\/www.respirandoazulclarito.com\/wp-content\/uploads\/2024\/12\/6-2-150x150.png 150w, https:\/\/www.respirandoazulclarito.com\/wp-content\/uploads\/2024\/12\/6-2-768x768.png 768w\" sizes=\"auto, (max-width: 810px) 100vw, 810px\" \/><\/figure>\n<\/div>\n\n\n<p>Todo en un ambiente fabuloso y aloj\u00e1ndonos en una <strong>estupenda casa rural<\/strong> con mucho encanto, donde ya llevamos <strong>m\u00e1s de 20 ediciones<\/strong>; y en compa\u00f1\u00eda de la energ\u00eda de un grupo maravilloso donde, sin duda, surgir\u00e1 la magia.<\/p>\n\n\n\n<h2 class=\"wp-block-heading\">ALOJAMIENTO<\/h2>\n\n\n<div class=\"wp-block-image\">\n<figure class=\"aligncenter size-large is-resized\"><img loading=\"lazy\" decoding=\"async\" width=\"1024\" height=\"1024\" src=\"https:\/\/www.respirandoazulclarito.com\/wp-content\/uploads\/2024\/12\/Habitacion-Pagano-1024x1024.png\" alt=\"\" class=\"wp-image-154\" style=\"width:574px;height:auto\" srcset=\"https:\/\/www.respirandoazulclarito.com\/wp-content\/uploads\/2024\/12\/Habitacion-Pagano-1024x1024.png 1024w, https:\/\/www.respirandoazulclarito.com\/wp-content\/uploads\/2024\/12\/Habitacion-Pagano-300x300.png 300w, https:\/\/www.respirandoazulclarito.com\/wp-content\/uploads\/2024\/12\/Habitacion-Pagano-150x150.png 150w, https:\/\/www.respirandoazulclarito.com\/wp-content\/uploads\/2024\/12\/Habitacion-Pagano-768x768.png 768w, https:\/\/www.respirandoazulclarito.com\/wp-content\/uploads\/2024\/12\/Habitacion-Pagano.png 1080w\" sizes=\"auto, (max-width: 1024px) 100vw, 1024px\" \/><\/figure>\n<\/div>\n\n\n<p>Casa rural \u00abEl Pagano\u00bb situada en el Valle del Tietar, a las faldas de la Sierra de Gredos, \u00c1vila.<\/p>\n\n\n\n<p>Habitaciones dobles, triples y 1 cuadruple.<\/p>\n\n\n\n<p><img loading=\"lazy\" decoding=\"async\" height=\"16\" width=\"16\" src=\"https:\/\/static.xx.fbcdn.net\/images\/emoji.php\/v9\/t70\/1\/16\/1f415.png\" alt=\"\ud83d\udc15\"> Se admiten <strong>mascotas <\/strong>(10\u20ac extras)<\/p>\n\n\n\n<p><img loading=\"lazy\" decoding=\"async\" height=\"16\" width=\"16\" src=\"https:\/\/static.xx.fbcdn.net\/images\/emoji.php\/v9\/t2d\/1\/16\/1f951.png\" alt=\"\ud83e\udd51\"> <strong>Riqu\u00edsima <\/strong>comida ovo-lacto-vegetariana<\/p>\n\n\n<div class=\"wp-block-image\">\n<figure class=\"aligncenter size-full is-resized\"><img loading=\"lazy\" decoding=\"async\" width=\"810\" height=\"810\" src=\"https:\/\/www.respirandoazulclarito.com\/wp-content\/uploads\/2024\/12\/7.png\" alt=\"\" class=\"wp-image-148\" style=\"width:588px;height:auto\" srcset=\"https:\/\/www.respirandoazulclarito.com\/wp-content\/uploads\/2024\/12\/7.png 810w, https:\/\/www.respirandoazulclarito.com\/wp-content\/uploads\/2024\/12\/7-300x300.png 300w, https:\/\/www.respirandoazulclarito.com\/wp-content\/uploads\/2024\/12\/7-150x150.png 150w, https:\/\/www.respirandoazulclarito.com\/wp-content\/uploads\/2024\/12\/7-768x768.png 768w\" sizes=\"auto, (max-width: 810px) 100vw, 810px\" \/><\/figure>\n<\/div>\n\n\n<h2 class=\"wp-block-heading\">FECHAS 2026<\/h2>\n\n\n\n<ul class=\"wp-block-list\">\n<li>Mayo: 8, 9 y 10<\/li>\n\n\n\n<li>Julio 17, 18 y 19<\/li>\n\n\n\n<li>Septiembre 4, 5 y 6 (RETIRO DE MUJERES)<\/li>\n<\/ul>\n\n\n<div class=\"wp-block-image\">\n<figure class=\"aligncenter size-full is-resized\"><img loading=\"lazy\" decoding=\"async\" width=\"810\" height=\"810\" src=\"https:\/\/www.respirandoazulclarito.com\/wp-content\/uploads\/2024\/12\/10-1.png\" alt=\"\" class=\"wp-image-155\" style=\"width:471px;height:auto\" srcset=\"https:\/\/www.respirandoazulclarito.com\/wp-content\/uploads\/2024\/12\/10-1.png 810w, https:\/\/www.respirandoazulclarito.com\/wp-content\/uploads\/2024\/12\/10-1-300x300.png 300w, https:\/\/www.respirandoazulclarito.com\/wp-content\/uploads\/2024\/12\/10-1-150x150.png 150w, https:\/\/www.respirandoazulclarito.com\/wp-content\/uploads\/2024\/12\/10-1-768x768.png 768w\" sizes=\"auto, (max-width: 810px) 100vw, 810px\" \/><\/figure>\n<\/div>\n\n\n<h2 class=\"wp-block-heading\">PRECIO<\/h2>\n\n\n\n<ul class=\"wp-block-list\">\n<li>270\u20ac<\/li>\n\n\n\n<li>245\u20ac para repetidores <img loading=\"lazy\" decoding=\"async\" height=\"16\" width=\"16\" src=\"https:\/\/static.xx.fbcdn.net\/images\/emoji.php\/v9\/tea\/1\/16\/1f970.png\" alt=\"\ud83e\udd70\"><img loading=\"lazy\" decoding=\"async\" height=\"16\" width=\"16\" src=\"https:\/\/static.xx.fbcdn.net\/images\/emoji.php\/v9\/t80\/1\/16\/1f64f.png\" alt=\"\ud83d\ude4f\"><\/li>\n<\/ul>\n\n\n\n<p>Incluye <strong>alojamiento<\/strong>, <strong>comidas <\/strong>y <strong>actividades<\/strong>.<\/p>\n\n\n\n<p><img loading=\"lazy\" decoding=\"async\" height=\"16\" width=\"16\" alt=\"\ud83d\udc4c\" src=\"https:\/\/static.xx.fbcdn.net\/images\/emoji.php\/v9\/t7b\/1\/16\/1f44c.png\">No hace falta experiencia previa ni venir acompa\u00f1ado.<\/p>\n\n\n\n<p><img loading=\"lazy\" decoding=\"async\" height=\"16\" width=\"16\" alt=\"\ud83d\udc95\" src=\"https:\/\/static.xx.fbcdn.net\/images\/emoji.php\/v9\/t68\/1\/16\/1f495.png\"> \u00a1Plazas limitadas! Se asignar\u00e1n en orden de reserva (precio de reserva 50\u20ac que se descontar\u00e1n del total).<\/p>\n\n\n\n<h2 class=\"wp-block-heading\">ORGANIZA<\/h2>\n\n\n<div class=\"wp-block-image\">\n<figure class=\"aligncenter size-full is-resized\"><img loading=\"lazy\" decoding=\"async\" width=\"810\" height=\"810\" src=\"https:\/\/www.respirandoazulclarito.com\/wp-content\/uploads\/2024\/12\/4-1.png\" alt=\"\" class=\"wp-image-147\" style=\"width:515px;height:auto\" srcset=\"https:\/\/www.respirandoazulclarito.com\/wp-content\/uploads\/2024\/12\/4-1.png 810w, https:\/\/www.respirandoazulclarito.com\/wp-content\/uploads\/2024\/12\/4-1-300x300.png 300w, https:\/\/www.respirandoazulclarito.com\/wp-content\/uploads\/2024\/12\/4-1-150x150.png 150w, https:\/\/www.respirandoazulclarito.com\/wp-content\/uploads\/2024\/12\/4-1-768x768.png 768w\" sizes=\"auto, (max-width: 810px) 100vw, 810px\" \/><\/figure>\n<\/div>\n\n\n<p><strong>Marta Jim\u00e9nez Barco<\/strong>: bi\u00f3loga, profesora de Kundalini Yoga, experta en artes marciales, creadora del proyecto \u00abRespirando Azul Clarito\u00bb y autora de los libros \u00bb Tan solo respira\u00bb, \u00abAbrazando al miedo\u00bb, M\u00e1s all\u00e1 de H\u00e1dar\u00bb y \u00abBiograf\u00eda d ela plenitud\u00bb.<\/p>\n\n\n\n<p><img loading=\"lazy\" decoding=\"async\" height=\"16\" width=\"16\" alt=\"\ud83d\udc9c\" src=\"https:\/\/static.xx.fbcdn.net\/images\/emoji.php\/v9\/t96\/1\/16\/1f49c.png\"> Y como m\u00e1s vale 1 imagen que mil palabras, en el siguiente enlace encontrar\u00e1s algunos v\u00eddeos resumen de ediciones anteriores: <a href=\"https:\/\/l.facebook.com\/l.php?u=https%3A%2F%2Fyoutube.com%2Fplaylist%3Flist%3DPLXEY_AOn6-FuTe9e4-zmps1AwXMubRc3w%26si%3DjVnDDWX_mHcHse1j%26fbclid%3DIwZXh0bgNhZW0CMTAAAR2q8jHk-smiEbc4LFO8vdTtHK7tvoyWfIk6WDU6iHednmuTgfF--j2aAwM_aem_EobsD-kfkttRWDa55lyXmQ&amp;h=AT39J_Yl1qFa4gilSh1jnhpWiY8irdWYTWNJEhko4m0Rcx4WSQSw_4VQbAFsRAi5ooibtbZOSep_mjOjQeV2IY5jBBmSIXOG5qQ0c1xlo3Z46VSvtB1AjDGtRO5E6oU6_g&amp;__tn__=-UK-R&amp;c[0]=AT2oLqx9ltKt2DutIMeMHDBgOeRfvww6kJ6PYTQlq2sIRrfPJ0dCaoJCatLtafzLRbURwhiiN-_yyX-IOwSKF_d7X6iXTDb05iVuU6riPVY0FJ4caEZrz7RE-kRwQiufHThjN1wg02mw6WMMQZx63IT9UVloUFIiHq8VG0qdtaAqsEJHX5T1NhAH-eLGYC3m\" rel=\"noreferrer noopener\" target=\"_blank\">https:\/\/youtube.com\/playlist&#8230;<\/a><\/p>\n\n\n\n<p><img loading=\"lazy\" decoding=\"async\" height=\"16\" width=\"16\" src=\"https:\/\/static.xx.fbcdn.net\/images\/emoji.php\/v9\/t8e\/1\/16\/2139.png\" alt=\"\u2139\ufe0f\"> Te informo encantada: <a href=\"https:\/\/wa.me\/34638234123\"><strong>WhatsApp 638 234 123<\/strong><\/a> &#8211; Marta<\/p>\n\n\n\n<p>Un abrazo enorme <img loading=\"lazy\" decoding=\"async\" height=\"16\" width=\"16\" alt=\"\ud83e\udd17\" src=\"https:\/\/static.xx.fbcdn.net\/images\/emoji.php\/v9\/tb7\/1\/16\/1f917.png\"><img loading=\"lazy\" decoding=\"async\" height=\"16\" width=\"16\" alt=\"\ud83e\ude75\" src=\"https:\/\/static.xx.fbcdn.net\/images\/emoji.php\/v9\/t97\/1\/16\/1fa75.png\"><\/p>\n\n\n\n<p><\/p>\n","protected":false},"excerpt":{"rendered":"<p>Ven a disfrutar de un fin de semana inolvidable en plena naturaleza, en el Valle del Tietar, a las faldas de la Sierra de Gredos (\u00c1vila, Espa\u00f1a). PROGRAMA DE ACTIVIDADES &hellip; <\/p>\n","protected":false},"author":1,"featured_media":260,"parent":0,"menu_order":0,"comment_status":"open","ping_status":"closed","template":"","meta":{"footnotes":""},"class_list":["post-130","page","type-page","status-publish","has-post-thumbnail","hentry"],"_links":{"self":[{"href":"https:\/\/www.respirandoazulclarito.com\/index.php\/wp-json\/wp\/v2\/pages\/130","targetHints":{"allow":["GET"]}}],"collection":[{"href":"https:\/\/www.respirandoazulclarito.com\/index.php\/wp-json\/wp\/v2\/pages"}],"about":[{"href":"https:\/\/www.respirandoazulclarito.com\/index.php\/wp-json\/wp\/v2\/types\/page"}],"author":[{"embeddable":true,"href":"https:\/\/www.respirandoazulclarito.com\/index.php\/wp-json\/wp\/v2\/users\/1"}],"replies":[{"embeddable":true,"href":"https:\/\/www.respirandoazulclarito.com\/index.php\/wp-json\/wp\/v2\/comments?post=130"}],"version-history":[{"count":10,"href":"https:\/\/www.respirandoazulclarito.com\/index.php\/wp-json\/wp\/v2\/pages\/130\/revisions"}],"predecessor-version":[{"id":440,"href":"https:\/\/www.respirandoazulclarito.com\/index.php\/wp-json\/wp\/v2\/pages\/130\/revisions\/440"}],"wp:featuredmedia":[{"embeddable":true,"href":"https:\/\/www.respirandoazulclarito.com\/index.php\/wp-json\/wp\/v2\/media\/260"}],"wp:attachment":[{"href":"https:\/\/www.respirandoazulclarito.com\/index.php\/wp-json\/wp\/v2\/media?parent=130"}],"curies":[{"name":"wp","href":"https:\/\/api.w.org\/{rel}","templated":true}]}}