{"id":115,"date":"2024-12-05T12:51:02","date_gmt":"2024-12-05T12:51:02","guid":{"rendered":"https:\/\/www.respirandoazulclarito.com\/?page_id=115"},"modified":"2025-08-16T18:09:06","modified_gmt":"2025-08-16T18:09:06","slug":"apoyo-individual","status":"publish","type":"page","link":"https:\/\/www.respirandoazulclarito.com\/index.php\/apoyo-individual\/","title":{"rendered":"Apoyo Individual"},"content":{"rendered":"\n<blockquote class=\"wp-block-quote is-layout-flow wp-block-quote-is-layout-flow\">\n<p>\u00abTus fuerzas naturales, las que est\u00e1n dentro de ti, ser\u00e1n las que curar\u00e1n tus enfermedades\u201d<\/p>\n\n\n\n<p>Hip\u00f3crates, padre de la actual medicina moderna.<\/p>\n<\/blockquote>\n\n\n\n<p>Somos un <strong>conjunto <\/strong>de sistemas interconectados.<\/p>\n\n\n\n<p>Siempre, <strong>la respuesta est\u00e1 en nuestro interior<\/strong>. Sin embargo, en algunas ocasiones, nos resulta dif\u00edcil encontrar el camino.<\/p>\n\n\n\n<p>Perm\u00edteme <strong>acompa\u00f1arte <\/strong>para que, juntos, de la mano, encontremos las herramientas que te servir\u00e1n de apoyo y gu\u00eda para conectarte con el maravilloso <strong>potencial que hay en ti<\/strong>.<\/p>\n\n\n\n<h3 class=\"wp-block-heading\"><strong>\u00bfEn qu\u00e9 consisten estas sesiones?<\/strong><\/h3>\n\n\n\n<p>A trav\u00e9s de varias sesiones, utilizaremos distintas herramientas (siembra con preguntas poderosas, hipnosis de siembra, anclajes, consejos de h\u00e1bitos saludables, meditaciones guiadas, etc.). Todas con el fin de <strong>ajustarse a tus necesidades<\/strong> para poder alcanzar el objetivo que te propongas.<\/p>\n\n\n\n<p>Entre una cita y otra, te recomendar\u00e9 seguir unas pautas concretas para que puedas ir trabajando y acerc\u00e1ndote a tu objetivo.<\/p>\n\n\n\n<p>Dedicaremos el inicio de la sesi\u00f3n para poner en com\u00fan <strong>c\u00f3mo te encuentras<\/strong> y el <strong>objetivo <\/strong>que te gustar\u00eda alcanzar.<\/p>\n\n\n\n<h3 class=\"wp-block-heading\"><strong><strong>\u00bfCu\u00e1nto dura la sesi\u00f3n?<\/strong><\/strong><\/h3>\n\n\n\n<p>La sesi\u00f3n tiene una duraci\u00f3n de <strong>una hora<\/strong>. No obstante, siempre que lo necesites, estaremos <strong>en contacto v\u00eda WhatsApp<\/strong> para <strong>solucionar <\/strong>cualquier duda que te pudiera surgir.<\/p>\n\n\n\n<h3 class=\"wp-block-heading\"><strong><strong><strong>Tarifa y citas<\/strong><\/strong><\/strong><\/h3>\n\n\n\n<p>Las sesiones tienen un precio de 60 \u20ac.<\/p>\n\n\n\n<p>Para reservar tu sesi\u00f3n, solamente tienes que enviarme un whatsapp al <strong><a href=\"https:\/\/wa.me\/34638234123\">(+34) 638 234 123 <\/a><\/strong>o un correo electr\u00f3nico a <a href=\"mailto:marta@respirandoazulclarito.es\">marta@respirandoazulclarito.com<\/a> indicando que solicitas la sesi\u00f3n de apoyo individual.<\/p>\n\n\n\n<p><\/p>\n","protected":false},"excerpt":{"rendered":"<p>\u00abTus fuerzas naturales, las que est\u00e1n dentro de ti, ser\u00e1n las que curar\u00e1n tus enfermedades\u201d Hip\u00f3crates, padre de la actual medicina moderna. Somos un conjunto de sistemas interconectados. Siempre, la &hellip; <\/p>\n","protected":false},"author":1,"featured_media":120,"parent":0,"menu_order":0,"comment_status":"open","ping_status":"closed","template":"","meta":{"footnotes":""},"class_list":["post-115","page","type-page","status-publish","has-post-thumbnail","hentry"],"_links":{"self":[{"href":"https:\/\/www.respirandoazulclarito.com\/index.php\/wp-json\/wp\/v2\/pages\/115","targetHints":{"allow":["GET"]}}],"collection":[{"href":"https:\/\/www.respirandoazulclarito.com\/index.php\/wp-json\/wp\/v2\/pages"}],"about":[{"href":"https:\/\/www.respirandoazulclarito.com\/index.php\/wp-json\/wp\/v2\/types\/page"}],"author":[{"embeddable":true,"href":"https:\/\/www.respirandoazulclarito.com\/index.php\/wp-json\/wp\/v2\/users\/1"}],"replies":[{"embeddable":true,"href":"https:\/\/www.respirandoazulclarito.com\/index.php\/wp-json\/wp\/v2\/comments?post=115"}],"version-history":[{"count":8,"href":"https:\/\/www.respirandoazulclarito.com\/index.php\/wp-json\/wp\/v2\/pages\/115\/revisions"}],"predecessor-version":[{"id":354,"href":"https:\/\/www.respirandoazulclarito.com\/index.php\/wp-json\/wp\/v2\/pages\/115\/revisions\/354"}],"wp:featuredmedia":[{"embeddable":true,"href":"https:\/\/www.respirandoazulclarito.com\/index.php\/wp-json\/wp\/v2\/media\/120"}],"wp:attachment":[{"href":"https:\/\/www.respirandoazulclarito.com\/index.php\/wp-json\/wp\/v2\/media?parent=115"}],"curies":[{"name":"wp","href":"https:\/\/api.w.org\/{rel}","templated":true}]}}